{"id":293,"date":"2024-02-08T15:44:20","date_gmt":"2024-02-08T18:44:20","guid":{"rendered":"https:\/\/loja.tecnoweb.com.br\/?post_type=product&#038;p=293"},"modified":"2024-02-09T18:20:07","modified_gmt":"2024-02-09T21:20:07","slug":"ommini-delivery","status":"publish","type":"product","link":"https:\/\/loja.tecnoweb.com.br\/index.php\/product\/ommini-delivery\/","title":{"rendered":"Ommini Delivery"},"content":{"rendered":"\n<p>Chegou a hora de garantir a efici\u00eancia operacional com o <em><strong>Ommini Delivery.<\/strong><\/em> O Delivery consiste em todas as atividades cujo objetivo principal seja a entrega de produtos para o consumidor final, para uso particular. Por isso, nesse produto voc\u00ea ter\u00e1 muito mais do que apenas um sistema de entregas. S\u00e3o tr\u00eas solu\u00e7\u00f5es em uma s\u00f3 plataforma: <strong>Delivery, Encomendas e Entregas Programadas<\/strong>, tudo na nuvem e com m\u00e1xima seguran\u00e7a contra fraudes.<\/p>\n\n\n<div class=\"wp-block-image\">\n<figure class=\"aligncenter size-full is-resized\"><img fetchpriority=\"high\" decoding=\"async\" width=\"412\" height=\"412\" src=\"https:\/\/loja.tecnoweb.com.br\/wp-content\/uploads\/2024\/02\/delivery-home.png\" alt=\"\" class=\"wp-image-295\" style=\"width:465px;height:auto\" srcset=\"https:\/\/loja.tecnoweb.com.br\/wp-content\/uploads\/2024\/02\/delivery-home.png 412w, https:\/\/loja.tecnoweb.com.br\/wp-content\/uploads\/2024\/02\/delivery-home-300x300.png 300w, https:\/\/loja.tecnoweb.com.br\/wp-content\/uploads\/2024\/02\/delivery-home-150x150.png 150w, https:\/\/loja.tecnoweb.com.br\/wp-content\/uploads\/2024\/02\/delivery-home-200x200.png 200w, https:\/\/loja.tecnoweb.com.br\/wp-content\/uploads\/2024\/02\/delivery-home-100x100.png 100w\" sizes=\"(max-width: 412px) 100vw, 412px\" \/><\/figure><\/div>\n\n\n<div style=\"height:40px\" aria-hidden=\"true\" class=\"wp-block-spacer\"><\/div>\n\n\n\n<p>Esse sistema foi desenvolvido para atender todos os clientes que pretendem ter maior clareza e agilidade ao atender os seus clientes. Ofere\u00e7a a comodidade da internet proporcionando uma experi\u00eancia incr\u00edvel. Receba pedidos online e permita que eles acompanhem o status dos pedidos pelo site. Com o Ommini Delivery, voc\u00ea aumentar\u00e1 suas vendas e otimizar\u00e1 seus processos de forma eficiente e segura. O sistema \u00e9 completo e preparado para gerenciar todas as opera\u00e7\u00f5es do seu neg\u00f3cio, proporcionando maior agilidade, controle e redu\u00e7\u00e3o de custos.<\/p>\n\n\n\n<div style=\"height:40px\" aria-hidden=\"true\" class=\"wp-block-spacer\"><\/div>\n\n\n\n<p><strong><mark style=\"background-color:rgba(0, 0, 0, 0)\" class=\"has-inline-color has-luminous-vivid-orange-color\">Benef\u00edcios do Ommini Delivery:<\/mark><\/strong><\/p>\n\n\n\n<div style=\"height:40px\" aria-hidden=\"true\" class=\"wp-block-spacer\"><\/div>\n\n\n\n<p><br>\u2714\ufe0f N\u00e3o precisa de instala\u00e7\u00e3o &#8211; Acesse de qualquer lugar com internet;<br>\u2714\ufe0f Compat\u00edvel com Windows, Linux e outros sistemas operacionais;<br>\u2714\ufe0f Controle total das compras online;<br>\u2714\ufe0f Acompanhamento de vendas e entregas pelo cliente;<br>\u2714\ufe0f Relat\u00f3rios gerenciais para melhor tomada de decis\u00e3o;<br>\u2714\ufe0f Formas de pagamento diversas para maior comodidade dos clientes;<br>\u2714\ufe0f Recursos de e-mail Marketing para fidelidade;<br>\u2714\ufe0f Possibilidade de integra\u00e7\u00e3o com e-commerces e chatbots;<br>\u2714\ufe0f Pesquisa de Satisfa\u00e7\u00e3o para garantir a excel\u00eancia no atendimento<\/p>\n\n\n\n<div style=\"height:40px\" aria-hidden=\"true\" class=\"wp-block-spacer\"><\/div>\n\n\n\n<p>Com o Ommini Delivery voc\u00ea recebe os pedidos no Card\u00e1pio Web feitos pelo cliente final fora da loja. Al\u00e9m disso, nosso sistema \u00e9 integrado ao Sistema Lince e PAF para emiss\u00e3o de cupons fiscais, garantindo a conformidade com as normas legais. Caso o cliente n\u00e3o seja cadastrado na base do ERP (Sistema Lince), ele poder\u00e1 ser cadastrado de forma simples e r\u00e1pida no Ommini Delivery, e o sistema ir\u00e1 importar este novo cadastro. Na tela de escolha do cliente ser\u00e1 apresentado os \u00faltimos pedidos gerados por este usu\u00e1rio e o status atual, e o atendente poder\u00e1 imprimir ou re-imprimir os pedidos (exceto os que ainda n\u00e3o foram finalizados).<\/p>\n\n\n\n<div style=\"height:40px\" aria-hidden=\"true\" class=\"wp-block-spacer\"><\/div>\n\n\n\n<figure class=\"wp-block-embed is-type-video is-provider-youtube wp-block-embed-youtube wp-embed-aspect-16-9 wp-has-aspect-ratio\"><div class=\"wp-block-embed__wrapper\">\n<iframe title=\"10 Dicas para melhorar o Delivery da sua Empresa #Tecnoweb\" width=\"500\" height=\"281\" src=\"https:\/\/www.youtube.com\/embed\/fgHm-Paizvw?feature=oembed\" frameborder=\"0\" allow=\"accelerometer; autoplay; clipboard-write; encrypted-media; gyroscope; picture-in-picture; web-share\" allowfullscreen><\/iframe>\n<\/div><figcaption class=\"wp-element-caption\"><strong>Confira no v\u00eddeo 10 dicas para melhorar o Delivery da Sua Empresa<\/strong><\/figcaption><\/figure>\n\n\n\n<p>A experi\u00eancia do seu delivery nunca mais ser\u00e1 a mesma. Aumente suas vendas, transforme seu atendimento, ofere\u00e7a comodidade e conquiste a satisfa\u00e7\u00e3o dos seus clientes. Aproveite todos os benef\u00edcios do Ommini Delivery e impulsione seu neg\u00f3cio com tecnologia Tecnoweb.<\/p>\n","protected":false},"excerpt":{"rendered":"<p><strong>O melhor e mais completo sistema de delivery totalmente na nuvem.<\/strong><\/p>\n<p>Aumente suas vendas!<\/p>\n<p>Delivery moderno, r\u00e1pido e f\u00e1cil, usando na mesma aplica\u00e7\u00e3o recursos como Encomendas e Entregas Programadas (isso mesmo, s\u00e3o tr\u00eas em um).<\/p>\n<p><strong>\u00a0<\/strong><\/p>\n","protected":false},"featured_media":346,"comment_status":"open","ping_status":"closed","template":"","meta":[],"product_cat":[86,88,82],"product_tag":[],"_links":{"self":[{"href":"https:\/\/loja.tecnoweb.com.br\/index.php\/wp-json\/wp\/v2\/product\/293"}],"collection":[{"href":"https:\/\/loja.tecnoweb.com.br\/index.php\/wp-json\/wp\/v2\/product"}],"about":[{"href":"https:\/\/loja.tecnoweb.com.br\/index.php\/wp-json\/wp\/v2\/types\/product"}],"replies":[{"embeddable":true,"href":"https:\/\/loja.tecnoweb.com.br\/index.php\/wp-json\/wp\/v2\/comments?post=293"}],"wp:featuredmedia":[{"embeddable":true,"href":"https:\/\/loja.tecnoweb.com.br\/index.php\/wp-json\/wp\/v2\/media\/346"}],"wp:attachment":[{"href":"https:\/\/loja.tecnoweb.com.br\/index.php\/wp-json\/wp\/v2\/media?parent=293"}],"wp:term":[{"taxonomy":"product_cat","embeddable":true,"href":"https:\/\/loja.tecnoweb.com.br\/index.php\/wp-json\/wp\/v2\/product_cat?post=293"},{"taxonomy":"product_tag","embeddable":true,"href":"https:\/\/loja.tecnoweb.com.br\/index.php\/wp-json\/wp\/v2\/product_tag?post=293"}],"curies":[{"name":"wp","href":"https:\/\/api.w.org\/{rel}","templated":true}]}}