{"id":300,"date":"2024-02-08T16:05:56","date_gmt":"2024-02-08T19:05:56","guid":{"rendered":"https:\/\/loja.tecnoweb.com.br\/index.php\/product\/ommini-delivery-copy\/"},"modified":"2024-02-11T17:00:01","modified_gmt":"2024-02-11T20:00:01","slug":"sammi-pdv","status":"publish","type":"product","link":"https:\/\/loja.tecnoweb.com.br\/index.php\/product\/sammi-pdv\/","title":{"rendered":"Sammi PDV"},"content":{"rendered":"\n<p>Se voc\u00ea busca por um sistema de<strong> frente de loja (PDV)<\/strong> eficiente, ideal para o varejo, pr\u00e1tico e l\u00edder em emiss\u00e3o de NFCe, sua busca termina aqui! Apresentamos o incr\u00edvel Sistema Sammi, com mais de 420 milh\u00f5es de emiss\u00f5es at\u00e9 o momento e homologa\u00e7\u00e3o completa no CONFAZ. Com o sistema Sammi voc\u00ea tem:<\/p>\n\n\n\n<div style=\"height:40px\" aria-hidden=\"true\" class=\"wp-block-spacer\"><\/div>\n\n\n\n<ul>\n<li>Agilidade para agilizar suas vendas;<\/li>\n\n\n\n<li>Confiabilidade comprovada para garantir transa\u00e7\u00f5es seguras;<\/li>\n\n\n\n<li>Homologa\u00e7\u00e3o completa no CONFAZ, sem burocracia;<\/li>\n\n\n\n<li>Performance de alto n\u00edvel para otimizar seu neg\u00f3cio.<\/li>\n<\/ul>\n\n\n\n<div style=\"height:40px\" aria-hidden=\"true\" class=\"wp-block-spacer\"><\/div>\n\n\n\n<p>D\u00ea um upgrade no seu estabelecimento com o Sistema Sammi para transformar sua gest\u00e3o e impulsionar seus resultados! Com o Sistema Sammi, voc\u00ea tem uma experi\u00eancia completa, f\u00e1cil e dispon\u00edvel em diversos dispositivos. Nossos aplicativos tamb\u00e9m est\u00e3o preparados para recursos administrativos atrav\u00e9s do controle biom\u00e9trico, garantindo mais seguran\u00e7a para o seu neg\u00f3cio.<\/p>\n\n\n\n<div style=\"height:40px\" aria-hidden=\"true\" class=\"wp-block-spacer\"><\/div>\n\n\n\n<p>E n\u00e3o \u00e9 s\u00f3 isso, <strong>somos l\u00edderes em emiss\u00e3o de cupons NFC-e <\/strong>em todo o Brasil, garantindo o melhor desempenho para acabar com a lentid\u00e3o nas filas do seu caixa. A NFC-e \u00e9 um documento fiscal eletr\u00f4nico, transmitido pelo estabelecimento comercial para a SEFAZ pela internet no ato da compra, exclusivamente para venda ao consumidor final.\u00a0<\/p>\n\n\n\n<div style=\"height:40px\" aria-hidden=\"true\" class=\"wp-block-spacer\"><\/div>\n\n\n\n<p>Portanto, com o Sammi NFC-e, voc\u00ea conta com in\u00fameras vantagens:<\/p>\n\n\n\n<div style=\"height:40px\" aria-hidden=\"true\" class=\"wp-block-spacer\"><\/div>\n\n\n\n<p>\u2714\ufe0f Dispensa de homologa\u00e7\u00e3o do software pelo Fisco;<\/p>\n\n\n\n<p>\u2714\ufe0f Dispensa de interven\u00e7\u00e3o t\u00e9cnica fiscal;<\/p>\n\n\n\n<p>\u2714\ufe0f Uso de Impressora gerencial, comum t\u00e9rmica ou a laser;<\/p>\n\n\n\n<p>\u2714\ufe0f Flexibilidade de expans\u00e3o de pontos de venda, sem necessidade de autoriza\u00e7\u00e3o do Fisco;<\/p>\n\n\n\n<p>\u2714\ufe0f Integra\u00e7\u00e3o de plataformas de vendas f\u00edsicas e virtuais;<\/p>\n\n\n\n<p>\u2714\ufe0f Carteiras digitais, pagamentos eletr\u00f4nicos;<\/p>\n\n\n\n<p>\u2714\ufe0f Apelo ecol\u00f3gico com redu\u00e7\u00e3o significativa dos gastos com papel.<\/p>\n\n\n\n<div style=\"height:40px\" aria-hidden=\"true\" class=\"wp-block-spacer\"><\/div>\n\n\n\n<p>Seja voc\u00ea tamb\u00e9m parte dessa revolu\u00e7\u00e3o na gest\u00e3o do seu varejo. Adquira agora mesmo o Sistema Sammi NFC-e, emissor de NFC-e mais completo e f\u00e1cil de usar do mercado!<\/p>\n","protected":false},"excerpt":{"rendered":"<p><strong>A Tecnoweb \u00e9 l\u00edder em emiss\u00e3o de cupons NFCe em todo o Brasil.<\/strong> <br \/>Nosso emissor \u00e9 o mais r\u00e1pido e acaba com a lentid\u00e3o nas filas do seu caixa.<br \/>O Sistema Sammi da Tecnoweb \u00e9 completo, f\u00e1cil e seguro.<br \/>A NFC-e \u00e9 um documento fiscal eletr\u00f4nico, transmitido pelo estabelecimento comercial para a SEFAZ pela internet no ato da compra, exclusivamente para venda ao consumidor final.<\/p>\n","protected":false},"featured_media":352,"comment_status":"open","ping_status":"closed","template":"","meta":[],"product_cat":[86,83],"product_tag":[],"_links":{"self":[{"href":"https:\/\/loja.tecnoweb.com.br\/index.php\/wp-json\/wp\/v2\/product\/300"}],"collection":[{"href":"https:\/\/loja.tecnoweb.com.br\/index.php\/wp-json\/wp\/v2\/product"}],"about":[{"href":"https:\/\/loja.tecnoweb.com.br\/index.php\/wp-json\/wp\/v2\/types\/product"}],"replies":[{"embeddable":true,"href":"https:\/\/loja.tecnoweb.com.br\/index.php\/wp-json\/wp\/v2\/comments?post=300"}],"wp:featuredmedia":[{"embeddable":true,"href":"https:\/\/loja.tecnoweb.com.br\/index.php\/wp-json\/wp\/v2\/media\/352"}],"wp:attachment":[{"href":"https:\/\/loja.tecnoweb.com.br\/index.php\/wp-json\/wp\/v2\/media?parent=300"}],"wp:term":[{"taxonomy":"product_cat","embeddable":true,"href":"https:\/\/loja.tecnoweb.com.br\/index.php\/wp-json\/wp\/v2\/product_cat?post=300"},{"taxonomy":"product_tag","embeddable":true,"href":"https:\/\/loja.tecnoweb.com.br\/index.php\/wp-json\/wp\/v2\/product_tag?post=300"}],"curies":[{"name":"wp","href":"https:\/\/api.w.org\/{rel}","templated":true}]}}