{"id":305,"date":"2024-02-08T16:28:51","date_gmt":"2024-02-08T19:28:51","guid":{"rendered":"https:\/\/loja.tecnoweb.com.br\/index.php\/product\/sammi-pdv-copy\/"},"modified":"2024-02-13T10:01:03","modified_gmt":"2024-02-13T13:01:03","slug":"sammi-totem","status":"publish","type":"product","link":"https:\/\/loja.tecnoweb.com.br\/index.php\/product\/sammi-totem\/","title":{"rendered":"Sammi Totem"},"content":{"rendered":"\n<p>Conhe\u00e7a mais sobre o nosso Totem de autoatendimento Sammi Totem,<strong> o 1\u00ba totem do varejo no Brasil!<\/strong> Com ele voc\u00ea aumenta a efici\u00eancia e a praticidade do seu estabelecimento, proporcionando uma experi\u00eancia \u00fanica aos seus clientes:<\/p>\n\n\n\n<div style=\"height:35px\" aria-hidden=\"true\" class=\"wp-block-spacer\"><\/div>\n\n\n\n<ul>\n<li><strong>Agilidade e Conveni\u00eancia em uma Plataforma Android:<\/strong><\/li>\n<\/ul>\n\n\n\n<div style=\"height:35px\" aria-hidden=\"true\" class=\"wp-block-spacer\"><\/div>\n\n\n\n<p>Com o Sammi Totem, voc\u00ea emite cupom fiscal (NFC-e) e permite pagamentos via Pix, cart\u00e3o de cr\u00e9dito ou d\u00e9bito, tudo de forma integrada ao sistema Lince da Tecnoweb. Seus clientes desfrutam de uma solu\u00e7\u00e3o r\u00e1pida, instant\u00e2nea e com confer\u00eancia autom\u00e1tica. Agora, eles podem efetuar pagamentos de forma r\u00e1pida e pr\u00e1tica, tudo com o poder da automa\u00e7\u00e3o! A experi\u00eancia de compra nunca foi t\u00e3o r\u00e1pida, f\u00e1cil e simples!<\/p>\n\n\n\n<div style=\"height:35px\" aria-hidden=\"true\" class=\"wp-block-spacer\"><\/div>\n\n\n\n<ul>\n<li><strong>Personalizado para o Seu Neg\u00f3cio:<\/strong><\/li>\n<\/ul>\n\n\n\n<div style=\"height:35px\" aria-hidden=\"true\" class=\"wp-block-spacer\"><\/div>\n\n\n\n<figure class=\"wp-block-embed is-type-video is-provider-youtube wp-block-embed-youtube wp-embed-aspect-16-9 wp-has-aspect-ratio\"><div class=\"wp-block-embed__wrapper\">\n<iframe title=\"Totem de autoatendimento na FIPAN\" width=\"500\" height=\"281\" src=\"https:\/\/www.youtube.com\/embed\/VQ7iEtf1AV0?feature=oembed\" frameborder=\"0\" allow=\"accelerometer; autoplay; clipboard-write; encrypted-media; gyroscope; picture-in-picture; web-share\" allowfullscreen><\/iframe>\n<\/div><\/figure>\n\n\n\n<p>O Sammi Totem pode ser personalizado de acordo com a identidade visual da sua marca, proporcionando uma experi\u00eancia de atendimento \u00fanica e memor\u00e1vel para seus clientes. Al\u00e9m disso, o totem evita filas e otimiza o tempo de compra, garantindo maior satisfa\u00e7\u00e3o e fideliza\u00e7\u00e3o.<\/p>\n\n\n\n<div style=\"height:35px\" aria-hidden=\"true\" class=\"wp-block-spacer\"><\/div>\n\n\n\n<ul>\n<li><strong>Transforme o Atendimento no seu Varejo:<\/strong><strong><\/strong><\/li>\n<\/ul>\n\n\n\n<div style=\"height:35px\" aria-hidden=\"true\" class=\"wp-block-spacer\"><\/div>\n\n\n\n<p>Com uma interface intuitiva, scanner integrado e agilidade no atendimento, o <strong>Sammi Totem<\/strong> reduz as filas no caixa e oferece uma experi\u00eancia de compra din\u00e2mica e descomplicada. Seus clientes escaneiam seus pr\u00f3prios produtos, escolhem as formas de pagamento e concluem as transa\u00e7\u00f5es sem a necessidade de um caixa, proporcionando mais autonomia e rapidez.<\/p>\n\n\n\n<div style=\"height:35px\" aria-hidden=\"true\" class=\"wp-block-spacer\"><\/div>\n\n\n\n<p>Benef\u00edcios Incontest\u00e1veis:<\/p>\n\n\n\n<div style=\"height:35px\" aria-hidden=\"true\" class=\"wp-block-spacer\"><\/div>\n\n\n\n<p>\u2714\ufe0f Redu\u00e7\u00e3o de custos operacionais;<\/p>\n\n\n\n<p>\u2714\ufe0f Agilidade no atendimento;<\/p>\n\n\n\n<p>\u2714\ufe0f Facilidade na verifica\u00e7\u00e3o de pre\u00e7os;<\/p>\n\n\n\n<p>\u2714\ufe0f Melhor aproveitamento do espa\u00e7o;<\/p>\n\n\n\n<p>\u2714\ufe0f Autonomia e praticidade para o cliente.<\/p>\n\n\n\n<div style=\"height:35px\" aria-hidden=\"true\" class=\"wp-block-spacer\"><\/div>\n\n\n\n<p>Leve a inova\u00e7\u00e3o para o seu neg\u00f3cio, n\u00e3o fique para tr\u00e1s no mercado! <strong>Aprimore a experi\u00eancia do cliente, otimize opera\u00e7\u00f5es e dinamize o atendimento.<\/strong> A revolu\u00e7\u00e3o no atendimento est\u00e1 ao seu alcance! Aproveite agora mesmo a praticidade e efici\u00eancia do Sammi Totem e proporcione uma nova e inesquec\u00edvel experi\u00eancia de compra no seu estabelecimento.<\/p>\n","protected":false},"excerpt":{"rendered":"<p><strong>O Futuro do Atendimento no Varejo!\u00a0<br \/><\/strong>O maior gargalo no varejo est\u00e1 no check-out na hora de pagar a conta, pois o tempo gasto \u00e9 grande e precisa ser minimizado.<\/p>\n","protected":false},"featured_media":359,"comment_status":"open","ping_status":"closed","template":"","meta":[],"product_cat":[83,84],"product_tag":[],"_links":{"self":[{"href":"https:\/\/loja.tecnoweb.com.br\/index.php\/wp-json\/wp\/v2\/product\/305"}],"collection":[{"href":"https:\/\/loja.tecnoweb.com.br\/index.php\/wp-json\/wp\/v2\/product"}],"about":[{"href":"https:\/\/loja.tecnoweb.com.br\/index.php\/wp-json\/wp\/v2\/types\/product"}],"replies":[{"embeddable":true,"href":"https:\/\/loja.tecnoweb.com.br\/index.php\/wp-json\/wp\/v2\/comments?post=305"}],"wp:featuredmedia":[{"embeddable":true,"href":"https:\/\/loja.tecnoweb.com.br\/index.php\/wp-json\/wp\/v2\/media\/359"}],"wp:attachment":[{"href":"https:\/\/loja.tecnoweb.com.br\/index.php\/wp-json\/wp\/v2\/media?parent=305"}],"wp:term":[{"taxonomy":"product_cat","embeddable":true,"href":"https:\/\/loja.tecnoweb.com.br\/index.php\/wp-json\/wp\/v2\/product_cat?post=305"},{"taxonomy":"product_tag","embeddable":true,"href":"https:\/\/loja.tecnoweb.com.br\/index.php\/wp-json\/wp\/v2\/product_tag?post=305"}],"curies":[{"name":"wp","href":"https:\/\/api.w.org\/{rel}","templated":true}]}}