{"id":308,"date":"2024-02-08T16:37:47","date_gmt":"2024-02-08T19:37:47","guid":{"rendered":"https:\/\/loja.tecnoweb.com.br\/index.php\/product\/sammi-totem-copy\/"},"modified":"2025-03-19T23:07:06","modified_gmt":"2025-03-20T02:07:06","slug":"sammi-touch","status":"publish","type":"product","link":"https:\/\/loja.tecnoweb.com.br\/index.php\/product\/sammi-touch\/","title":{"rendered":"Sammi Touch"},"content":{"rendered":"\n<p>O Pr\u00e9-Atendimento\u00a0 pode ser usado de v\u00e1rias formas, por micro terminais fixos na loja, por computadores, por equipamentos mobile e por monitores touch e \u00e9 indicado para \u00e1rea de lanchonetes e restaurantes. <strong>Com um design compacto e elegante<\/strong>, esse pequeno not\u00e1vel \u00e9 gigante em estilo e alto desempenho:<\/p>\n\n\n\n<div style=\"height:30px\" aria-hidden=\"true\" class=\"wp-block-spacer\"><\/div>\n\n\n\n<ul>\n<li>&nbsp;<strong>Reduza Filas, Aumente a Satisfa\u00e7\u00e3o:<\/strong><\/li>\n<\/ul>\n\n\n\n<div style=\"height:30px\" aria-hidden=\"true\" class=\"wp-block-spacer\"><\/div>\n\n\n\n<figure class=\"wp-block-embed is-type-video is-provider-youtube wp-block-embed-youtube wp-embed-aspect-16-9 wp-has-aspect-ratio\"><div class=\"wp-block-embed__wrapper\">\n<iframe title=\"Sammi Touch\" width=\"500\" height=\"281\" src=\"https:\/\/www.youtube.com\/embed\/sx6Uw_tng4A?feature=oembed\" frameborder=\"0\" allow=\"accelerometer; autoplay; clipboard-write; encrypted-media; gyroscope; picture-in-picture; web-share\" allowfullscreen><\/iframe>\n<\/div><\/figure>\n\n\n\n<p>Com impressora integrada de alta velocidade, d\u00ea adeus \u00e0s filas demoradas e proporcione uma experi\u00eancia de compra \u00e1gil e pr\u00e1tica aos seus clientes. Aceite pagamentos com facilidade atrav\u00e9s do QRCode, oferecendo m\u00faltiplas op\u00e7\u00f5es e agilizando o atendimento.<\/p>\n\n\n\n<div style=\"height:30px\" aria-hidden=\"true\" class=\"wp-block-spacer\"><\/div>\n\n\n\n<ul>\n<li><strong>Personaliza\u00e7\u00e3o para o Seu Neg\u00f3cio:<\/strong><strong><\/strong><\/li>\n<\/ul>\n\n\n\n<div style=\"height:30px\" aria-hidden=\"true\" class=\"wp-block-spacer\"><\/div>\n\n\n\n<p>O Sammi Touch \u00e9 mais do que uma solu\u00e7\u00e3o de pagamento, \u00e9 uma extens\u00e3o da sua marca! Personalize-o com a logo e imagens dos seus produtos, criando uma identidade visual \u00fanica que se destaca em qualquer ambiente.<\/p>\n\n\n\n<div style=\"height:30px\" aria-hidden=\"true\" class=\"wp-block-spacer\"><\/div>\n\n\n\n<ul>\n<li><strong>Integra\u00e7\u00e3o com o Sistema Lince:<\/strong><strong><\/strong><\/li>\n<\/ul>\n\n\n\n<div style=\"height:30px\" aria-hidden=\"true\" class=\"wp-block-spacer\"><\/div>\n\n\n\n<p>Aproveite toda a sinergia entre o Sammi Touch, sistema Lince e o sistema Sammi NFC-e da Tecnoweb. A integra\u00e7\u00e3o perfeita permite um gerenciamento completo e eficiente de suas opera\u00e7\u00f5es, garantindo ainda mais sucesso para o seu neg\u00f3cio!<\/p>\n\n\n\n<div style=\"height:30px\" aria-hidden=\"true\" class=\"wp-block-spacer\"><\/div>\n\n\n\n<ul>\n<li><strong>Mais Efici\u00eancia:<\/strong><strong><\/strong><\/li>\n<\/ul>\n\n\n\n<div style=\"height:30px\" aria-hidden=\"true\" class=\"wp-block-spacer\"><\/div>\n\n\n\n<p>Identifique seus clientes e funcion\u00e1rios, tornando o caixa ainda mais eficiente e personalizado. A plataforma Android oferece uma experi\u00eancia intuitiva e moderna, elevando o padr\u00e3o do seu atendimento e proporcionando uma gest\u00e3o completa de suas vendas.<\/p>\n\n\n\n<div style=\"height:30px\" aria-hidden=\"true\" class=\"wp-block-spacer\"><\/div>\n\n\n\n<p>O Sammi Touch \u00e9 a escolha inteligente para o seu estabelecimento! Garanta um atendimento de qualidade, pagamentos \u00e1geis e seguros, al\u00e9m de <strong>melhor aproveitamento do espa\u00e7o da sua loja<\/strong>. Leve a Modernidade e Efici\u00eancia para o Seu Neg\u00f3cio com o Sammi Touch!<br><\/p>\n","protected":false},"excerpt":{"rendered":"<p><strong>O Toque de Modernidade e Efici\u00eancia para o seu Neg\u00f3cio!<br \/><\/strong>Apresentamos o incr\u00edvel Sammi Touch, a mais nova solu\u00e7\u00e3o da Tecnoweb que vai revolucionar o seu caixa!<\/p>\n","protected":false},"featured_media":363,"comment_status":"open","ping_status":"closed","template":"","meta":[],"product_cat":[83,85],"product_tag":[],"_links":{"self":[{"href":"https:\/\/loja.tecnoweb.com.br\/index.php\/wp-json\/wp\/v2\/product\/308"}],"collection":[{"href":"https:\/\/loja.tecnoweb.com.br\/index.php\/wp-json\/wp\/v2\/product"}],"about":[{"href":"https:\/\/loja.tecnoweb.com.br\/index.php\/wp-json\/wp\/v2\/types\/product"}],"replies":[{"embeddable":true,"href":"https:\/\/loja.tecnoweb.com.br\/index.php\/wp-json\/wp\/v2\/comments?post=308"}],"wp:featuredmedia":[{"embeddable":true,"href":"https:\/\/loja.tecnoweb.com.br\/index.php\/wp-json\/wp\/v2\/media\/363"}],"wp:attachment":[{"href":"https:\/\/loja.tecnoweb.com.br\/index.php\/wp-json\/wp\/v2\/media?parent=308"}],"wp:term":[{"taxonomy":"product_cat","embeddable":true,"href":"https:\/\/loja.tecnoweb.com.br\/index.php\/wp-json\/wp\/v2\/product_cat?post=308"},{"taxonomy":"product_tag","embeddable":true,"href":"https:\/\/loja.tecnoweb.com.br\/index.php\/wp-json\/wp\/v2\/product_tag?post=308"}],"curies":[{"name":"wp","href":"https:\/\/api.w.org\/{rel}","templated":true}]}}