{"id":311,"date":"2024-02-08T16:41:05","date_gmt":"2024-02-08T19:41:05","guid":{"rendered":"https:\/\/loja.tecnoweb.com.br\/index.php\/product\/sammi-touch-copy\/"},"modified":"2024-02-13T11:18:13","modified_gmt":"2024-02-13T14:18:13","slug":"sammi-pos","status":"publish","type":"product","link":"https:\/\/loja.tecnoweb.com.br\/index.php\/product\/sammi-pos\/","title":{"rendered":"Sammi POS"},"content":{"rendered":"\n<p>Seja voc\u00ea um pequeno empres\u00e1rio ou uma grande empresa, o Smart POS da Tecnoweb \u00e9 a solu\u00e7\u00e3o definitiva para impulsionar o seu neg\u00f3cio. Esque\u00e7a os antigos e lentos sistemas de caixa registradora, e d\u00ea as boas-vindas a uma nova era de agilidade.<\/p>\n\n\n\n<div style=\"height:30px\" aria-hidden=\"true\" class=\"wp-block-spacer\"><\/div>\n\n\n\n<p>O Sammi POS \u00e9 muito mais do que apenas um &#8220;tira fila&#8221;. Com um design elegante e compacto, esse equipamento revolucion\u00e1rio combina a mobilidade de um dispositivo port\u00e1til com a pot\u00eancia de um sistema de caixa. Com design robusto, impressora e c\u00e2mera integradas, ele otimiza a gest\u00e3o de pedidos em restaurantes, lanchonetes e outros estabelecimentos. Tudo isso com alta velocidade de processamento, conectividade 4G, eSim e Wi-fi banda dupla!\u00a0<\/p>\n\n\n\n<div style=\"height:30px\" aria-hidden=\"true\" class=\"wp-block-spacer\"><\/div>\n\n\n\n<figure class=\"wp-block-embed is-type-video is-provider-youtube wp-block-embed-youtube wp-embed-aspect-16-9 wp-has-aspect-ratio\"><div class=\"wp-block-embed__wrapper\">\n<iframe title=\"Sammi POS na Fipan\" width=\"500\" height=\"281\" src=\"https:\/\/www.youtube.com\/embed\/BJYbZ0GTrdw?feature=oembed\" frameborder=\"0\" allow=\"accelerometer; autoplay; clipboard-write; encrypted-media; gyroscope; picture-in-picture; web-share\" allowfullscreen><\/iframe>\n<\/div><\/figure>\n\n\n\n<p>Com ele, voc\u00ea pode realizar uma s\u00e9rie de tarefas de forma r\u00e1pida e intuitiva:<\/p>\n\n\n\n<div style=\"height:30px\" aria-hidden=\"true\" class=\"wp-block-spacer\"><\/div>\n\n\n\n<p>\u2714\ufe0f Agiliza o atendimento;<\/p>\n\n\n\n<p>\u2714\ufe0f Faz emiss\u00e3o de Cupom Fiscal;<\/p>\n\n\n\n<p>\u2714\ufe0f Leitura de balan\u00e7as por bluetooth;<\/p>\n\n\n\n<p>\u2714\ufe0f Possui leitora para c\u00f3digo de barras, QR code e comandas;<\/p>\n\n\n\n<p>\u2714\ufe0f Experi\u00eancia Premium.<\/p>\n\n\n\n<div style=\"height:30px\" aria-hidden=\"true\" class=\"wp-block-spacer\"><\/div>\n\n\n\n<p>O SammiPOS \u00e9 100% em nuvem, emitindo NFCe e CFe, e oferecendo diversas formas de pagamentos dispon\u00edveis. Otimizando o espa\u00e7o da loja, \u00e9 um equipamento pequeno que <strong>cabe na palma da m\u00e3o, mas com a capacidade de um caixa completo.<\/strong> Aceite pagamentos em dinheiro, cart\u00e3o, PIX e simplifique a emiss\u00e3o de cupons fiscais, deixando de lado os processos burocr\u00e1ticos. Com ele voc\u00ea tamb\u00e9m pode fazer o cancelamento de produtos e comandas, dar baixa nas comandas e vender pelo c\u00f3digo de barras.\u00a0<\/p>\n\n\n\n<div style=\"height:30px\" aria-hidden=\"true\" class=\"wp-block-spacer\"><\/div>\n\n\n\n<p>O Smart POS ainda oferece uma experi\u00eancia premium tanto para voc\u00ea, gestor do neg\u00f3cio, quanto para seus colaboradores e clientes. Nossa plataforma Android proporciona uma navega\u00e7\u00e3o f\u00e1cil e r\u00e1pida, garantindo uma integra\u00e7\u00e3o perfeita com o sistema Lince e Sammi NFC-e da Tecnoweb. Invista na tecnologia que vai impulsionar seu neg\u00f3cio e proporcionar uma experi\u00eancia \u00fanica para seus clientes!<\/p>\n","protected":false},"excerpt":{"rendered":"<p><strong>Mais rapidez no atendimento do seu neg\u00f3cio<br \/><\/strong>Voc\u00ea pediu agilidade e n\u00f3s entregamos sucesso com o SAMMI POS! <br \/><strong>Nosso Smart POS mobile, port\u00e1til e poderoso, reduz o tempo dos clientes nas filas e proporciona um atendimento eficiente.<\/strong><\/p>\n","protected":false},"featured_media":369,"comment_status":"open","ping_status":"closed","template":"","meta":[],"product_cat":[83,85],"product_tag":[],"_links":{"self":[{"href":"https:\/\/loja.tecnoweb.com.br\/index.php\/wp-json\/wp\/v2\/product\/311"}],"collection":[{"href":"https:\/\/loja.tecnoweb.com.br\/index.php\/wp-json\/wp\/v2\/product"}],"about":[{"href":"https:\/\/loja.tecnoweb.com.br\/index.php\/wp-json\/wp\/v2\/types\/product"}],"replies":[{"embeddable":true,"href":"https:\/\/loja.tecnoweb.com.br\/index.php\/wp-json\/wp\/v2\/comments?post=311"}],"wp:featuredmedia":[{"embeddable":true,"href":"https:\/\/loja.tecnoweb.com.br\/index.php\/wp-json\/wp\/v2\/media\/369"}],"wp:attachment":[{"href":"https:\/\/loja.tecnoweb.com.br\/index.php\/wp-json\/wp\/v2\/media?parent=311"}],"wp:term":[{"taxonomy":"product_cat","embeddable":true,"href":"https:\/\/loja.tecnoweb.com.br\/index.php\/wp-json\/wp\/v2\/product_cat?post=311"},{"taxonomy":"product_tag","embeddable":true,"href":"https:\/\/loja.tecnoweb.com.br\/index.php\/wp-json\/wp\/v2\/product_tag?post=311"}],"curies":[{"name":"wp","href":"https:\/\/api.w.org\/{rel}","templated":true}]}}