{"id":313,"date":"2024-02-08T16:50:21","date_gmt":"2024-02-08T19:50:21","guid":{"rendered":"https:\/\/loja.tecnoweb.com.br\/index.php\/product\/sammi-pos-copy\/"},"modified":"2024-02-13T12:32:32","modified_gmt":"2024-02-13T15:32:32","slug":"pre-atendimento-mobile-touch","status":"publish","type":"product","link":"https:\/\/loja.tecnoweb.com.br\/index.php\/product\/pre-atendimento-mobile-touch\/","title":{"rendered":"Pr\u00e9Atendimento Mobile e Touch"},"content":{"rendered":"\n<p>A Tecnoweb \u00e9 refer\u00eancia em solu\u00e7\u00f5es que promovem experi\u00eancias de vendas cada vez melhores. Com a praticidade do Android, seus atendentes e gar\u00e7ons podem <strong>abrir comandas e mesas, lan\u00e7ar produtos com observa\u00e7\u00f5es e fechar mesas<\/strong>, tudo de forma integrada \u00e0 cozinha e ao caixa com o Pr\u00e9-Mobile e Pr\u00e9-Touch.\u00a0<\/p>\n\n\n\n<div style=\"height:30px\" aria-hidden=\"true\" class=\"wp-block-spacer\"><\/div>\n\n\n\n<p>Agilidade no atendimento, controle de comandas, categorias de produtos e cadastro de observa\u00e7\u00f5es, al\u00e9m de atendimento personalizado e integra\u00e7\u00e3o com catracas e controle de entradas e sa\u00eddas. Diga adeus \u00e0s anota\u00e7\u00f5es de cabe\u00e7a ou pedidos escritos em papel, al\u00e9m de problemas de perda de comanda, erros nos pedidos, falta de informa\u00e7\u00e3o e confus\u00f5es no servi\u00e7o!\u00a0<\/p>\n\n\n\n<figure class=\"wp-block-embed is-type-video is-provider-youtube wp-block-embed-youtube wp-embed-aspect-16-9 wp-has-aspect-ratio\"><div class=\"wp-block-embed__wrapper\">\n<iframe title=\"Pr\u00e9-Touch - Sistema de pr\u00e9-atendimento #tecnoweb #automa\u00e7aocomercial #comanda\" width=\"500\" height=\"281\" src=\"https:\/\/www.youtube.com\/embed\/wEO5uZjl3CM?feature=oembed\" frameborder=\"0\" allow=\"accelerometer; autoplay; clipboard-write; encrypted-media; gyroscope; picture-in-picture; web-share\" allowfullscreen><\/iframe>\n<\/div><\/figure>\n\n\n\n<div style=\"height:30px\" aria-hidden=\"true\" class=\"wp-block-spacer\"><\/div>\n\n\n\n<ul>\n<li><strong>Opera\u00e7\u00e3o Facilitada:<\/strong><strong><\/strong><\/li>\n<\/ul>\n\n\n\n<div style=\"height:30px\" aria-hidden=\"true\" class=\"wp-block-spacer\"><\/div>\n\n\n\n<p>Lance produtos em comandas e mesas, insira observa\u00e7\u00f5es e particularidades, e tenha a impress\u00e3o direta no setor desejado, como a cozinha, copa, pizza ou chapa. O sistema mostra as comandas em andamento, identifica o atendente, mostra categorias, departamentos e conta tamb\u00e9m com teclas de atalho. A tela \u00e9 totalmente configurada, e os equipamentos podem ser conectados ao leitor de c\u00f3digo de barras para maior agilidade. E mais, tudo isso \u00e9 integrado aos Sistemas Lince e Sammi e podendo ser conectado ao sistema de Autoatendimento e catracas, garantindo mais efici\u00eancia, otimiza\u00e7\u00e3o da produtividade da equipe, agilidade em todas as etapas e opera\u00e7\u00e3o facilitada com o equipamento configurado para o atendimento seguro.<\/p>\n\n\n\n<div style=\"height:30px\" aria-hidden=\"true\" class=\"wp-block-spacer\"><\/div>\n\n\n\n<ul>\n<li><strong>Descubra o Pr\u00e9-Touch:<\/strong><strong><\/strong><\/li>\n<\/ul>\n\n\n\n<div style=\"height:30px\" aria-hidden=\"true\" class=\"wp-block-spacer\"><\/div>\n\n\n\n<p>Para oferecer experi\u00eancias cada vez melhores para os clientes, restaurantes de todos os portes t\u00eam investido em tecnologia. A tecnologia de monitor de pedidos \u00e9 uma das mais utilizadas para aumentar o controle dos pedidos e eliminar a burocracia da cozinha. Facilite suas opera\u00e7\u00f5es de atendimento com Pr\u00e9-touch, sistema em android que pode ser utilizado de diversas maneiras, incluindo microterminais, computadores e monitores. O gar\u00e7om tira o pedido e o lan\u00e7a no sistema. Automaticamente, o pedido \u00e9 enviado \u00e0 cozinha, onde pode ser visualizado em pontos-chave. Assim, o cozinheiro recebe a informa\u00e7\u00e3o em tempo real, como tempo de preparo e qual ordem de pedidos seguir. Ou seja, melhora a comunica\u00e7\u00e3o entre as equipes do sal\u00e3o e da cozinha, reduz erros de pedidos, permite a entrega de comida quentinha, agilidade no atendimento e um sorriso no rosto do cliente.<\/p>\n\n\n\n<div style=\"height:30px\" aria-hidden=\"true\" class=\"wp-block-spacer\"><\/div>\n\n\n\n<ul>\n<li><strong>Descubra o Pr\u00e9-Mobile:<\/strong><\/li>\n<\/ul>\n\n\n\n<figure class=\"wp-block-embed is-type-video is-provider-youtube wp-block-embed-youtube wp-embed-aspect-16-9 wp-has-aspect-ratio\"><div class=\"wp-block-embed__wrapper\">\n<iframe title=\"Apresenta\u00e7\u00e3o - PR\u00c9-M\u00d3BILE - Aplicativo de Atendimento de Comandas\/Mesas\" width=\"500\" height=\"281\" src=\"https:\/\/www.youtube.com\/embed\/Pbckqbm07i8?feature=oembed\" frameborder=\"0\" allow=\"accelerometer; autoplay; clipboard-write; encrypted-media; gyroscope; picture-in-picture; web-share\" allowfullscreen><\/iframe>\n<\/div><\/figure>\n\n\n\n<div style=\"height:30px\" aria-hidden=\"true\" class=\"wp-block-spacer\"><\/div>\n\n\n\n<p>A solu\u00e7\u00e3o que acabar\u00e1 de vez com os erros no atendimento! Atenda seus clientes de forma r\u00e1pida, com todas as informa\u00e7\u00f5es sobre os produtos na palma da m\u00e3o, gra\u00e7as ao equipamento port\u00e1til. O Pr\u00e9-Mobile \u00e9 a resposta para proporcionar um \u00f3timo atendimento, mesmo para atendentes e gar\u00e7ons inexperientes. O Pr\u00e9-mobile permite ao atendente registrar pedidos dentro da loja e tamb\u00e9m recebe o pedido feito pelo cliente final direto pelo card\u00e1pio mobile. Com ele, voc\u00ea ter\u00e1 o pr\u00e9-atendimento mobile de forma simples e \u00e1gil, atrav\u00e9s de smartphone ou tablet e os processos se tornam mais r\u00e1pidos, desde o pedido feito pelo cliente at\u00e9 o pagamento. Isso tudo em uma \u00fanica ferramenta, o que oferece tamb\u00e9m mobilidade, objetividade e facilidade em todo o processo.<\/p>\n\n\n\n<div style=\"height:30px\" aria-hidden=\"true\" class=\"wp-block-spacer\"><\/div>\n\n\n\n<p>&nbsp;Com o sistema de pr\u00e9-atendimento, <strong>seus processos ser\u00e3o mais r\u00e1pidos. <\/strong>Tudo em uma \u00fanica ferramenta, proporcionando mobilidade, objetividade e facilidade em todo o processo. N\u00e3o fique para tr\u00e1s, esteja \u00e0 frente da concorr\u00eancia com o Pr\u00e9-Mobile e Pr\u00e9-Touch. Modernize seu atendimento, surpreenda seus clientes e impulsione seus resultados. Aproveite a tecnologia que faz a diferen\u00e7a e alavanque seu neg\u00f3cio.<br><\/p>\n","protected":false},"excerpt":{"rendered":"<p><strong>Facilite suas opera\u00e7\u00f5es de atendimento<\/strong><\/p>\n<p>Precisando de ajuda na cozinha e no atendimento do seu restaurante? O mundo mudou e os clientes de hoje exigem mais agilidade, praticidade e assertividade ao serem atendidos. E n\u00f3s sabemos como acompanhar essas mudan\u00e7as.<\/p>\n","protected":false},"featured_media":375,"comment_status":"open","ping_status":"closed","template":"","meta":[],"product_cat":[86,85,82],"product_tag":[],"_links":{"self":[{"href":"https:\/\/loja.tecnoweb.com.br\/index.php\/wp-json\/wp\/v2\/product\/313"}],"collection":[{"href":"https:\/\/loja.tecnoweb.com.br\/index.php\/wp-json\/wp\/v2\/product"}],"about":[{"href":"https:\/\/loja.tecnoweb.com.br\/index.php\/wp-json\/wp\/v2\/types\/product"}],"replies":[{"embeddable":true,"href":"https:\/\/loja.tecnoweb.com.br\/index.php\/wp-json\/wp\/v2\/comments?post=313"}],"wp:featuredmedia":[{"embeddable":true,"href":"https:\/\/loja.tecnoweb.com.br\/index.php\/wp-json\/wp\/v2\/media\/375"}],"wp:attachment":[{"href":"https:\/\/loja.tecnoweb.com.br\/index.php\/wp-json\/wp\/v2\/media?parent=313"}],"wp:term":[{"taxonomy":"product_cat","embeddable":true,"href":"https:\/\/loja.tecnoweb.com.br\/index.php\/wp-json\/wp\/v2\/product_cat?post=313"},{"taxonomy":"product_tag","embeddable":true,"href":"https:\/\/loja.tecnoweb.com.br\/index.php\/wp-json\/wp\/v2\/product_tag?post=313"}],"curies":[{"name":"wp","href":"https:\/\/api.w.org\/{rel}","templated":true}]}}