{"id":315,"date":"2024-02-08T17:51:41","date_gmt":"2024-02-08T20:51:41","guid":{"rendered":"https:\/\/loja.tecnoweb.com.br\/?post_type=product&#038;p=315"},"modified":"2026-03-07T04:41:52","modified_gmt":"2026-03-07T07:41:52","slug":"colet","status":"publish","type":"product","link":"https:\/\/loja.tecnoweb.com.br\/index.php\/product\/colet\/","title":{"rendered":"Col\u00e9t"},"content":{"rendered":"\n<p>O Col\u00e9t \u00e9 um aplicativo de automa\u00e7\u00e3o que permite <strong>otimizar o processo de balan\u00e7o, ganhando tempo e precis\u00e3o na contagem de produtos.<\/strong> Nosso app foi desenvolvido para automatizar processos que s\u00e3o executados manualmente. Dessa forma, ele possibilita diminui\u00e7\u00e3o de falhas de processo, acesso r\u00e1pido a informa\u00e7\u00f5es e redu\u00e7\u00e3o do tempo dedicado na busca de informa\u00e7\u00f5es, acompanhamento, lan\u00e7amento de perdas e trocas e confer\u00eancia.<\/p>\n\n\n\n<figure class=\"wp-block-embed is-type-video is-provider-youtube wp-block-embed-youtube wp-embed-aspect-16-9 wp-has-aspect-ratio\"><div class=\"wp-block-embed__wrapper\">\n<iframe title=\"Apresenta\u00e7\u00e3o - COL\u00c9T - App de Controles gerenciais\" width=\"500\" height=\"281\" src=\"https:\/\/www.youtube.com\/embed\/8uXFV50vmC4?feature=oembed\" frameborder=\"0\" allow=\"accelerometer; autoplay; clipboard-write; encrypted-media; gyroscope; picture-in-picture; web-share\" allowfullscreen><\/iframe>\n<\/div><\/figure>\n\n\n\n<div style=\"height:30px\" aria-hidden=\"true\" class=\"wp-block-spacer\"><\/div>\n\n\n\n<p>O Col\u00e9t permite um r\u00e1pido e f\u00e1cil <strong>controle do mix de produtos.<\/strong> Utilizando um smartphone ou dispositivo m\u00f3vel com leitor de c\u00f3digo ou QR code, voc\u00ea poder\u00e1 coletar os dados de forma pr\u00e1tica e eficiente. Acelere a contagem dos itens, garanta mais conforto \u00e0 equipe durante a contagem e elimine pap\u00e9is e anota\u00e7\u00f5es manuais, tornando seu invent\u00e1rio muito mais eficaz. Desenvolvido em plataforma Android, \u00e9 simples, r\u00e1pido e seguro, promovendo uma melhor gest\u00e3o do estoque, confer\u00eancia de produtos, lan\u00e7amento de perdas, trocas e consultas, tudo integrado ao ERP Lince.\u00a0<\/p>\n\n\n\n<div style=\"height:30px\" aria-hidden=\"true\" class=\"wp-block-spacer\"><\/div>\n\n\n\n<p>Vantagens do Col\u00e9t:<\/p>\n\n\n\n<div style=\"height:30px\" aria-hidden=\"true\" class=\"wp-block-spacer\"><\/div>\n\n\n\n<p>\u2714\ufe0f Acelera a contagem dos itens;<\/p>\n\n\n\n<p>\u2714\ufe0f Equipe mais confort\u00e1vel durante a contagem;<\/p>\n\n\n\n<p>\u2714\ufe0f Tecnologia sem fio, eliminando pap\u00e9is e anota\u00e7\u00f5es manuais;<\/p>\n\n\n\n<p>\u2714\ufe0f Integra\u00e7\u00e3o perfeita ao sistema LINCE;<\/p>\n\n\n\n<p>\u2714\ufe0f Redu\u00e7\u00e3o de poss\u00edveis erros, aumentando a precis\u00e3o do processo.<\/p>\n\n\n\n<div style=\"height:30px\" aria-hidden=\"true\" class=\"wp-block-spacer\"><\/div>\n\n\n\n<p>Garanta mais produtividade e efic\u00e1cia no controle do seu estoque! Com o Col\u00e9t, sua empresa estar\u00e1 preparada para enfrentar os desafios do controle de estoque de forma simples e inteligente, garantindo resultados eficientes e vantagem competitiva no mercado.<\/p>\n","protected":false},"excerpt":{"rendered":"<p><strong>Agilize a gest\u00e3o do seu invent\u00e1rio<\/strong><\/p>\n<p>Gerenciar um estoque pode ser bem mais complexo do que parece. Se voc\u00ea tem um neg\u00f3cio que exige esse tipo de controle, voc\u00ea sabe o que isso significa na pr\u00e1tica. Mas o app Col\u00e9t veio para simplificar esse processo!<\/p>\n","protected":false},"featured_media":381,"comment_status":"open","ping_status":"closed","template":"","meta":[],"product_cat":[86,85],"product_tag":[],"_links":{"self":[{"href":"https:\/\/loja.tecnoweb.com.br\/index.php\/wp-json\/wp\/v2\/product\/315"}],"collection":[{"href":"https:\/\/loja.tecnoweb.com.br\/index.php\/wp-json\/wp\/v2\/product"}],"about":[{"href":"https:\/\/loja.tecnoweb.com.br\/index.php\/wp-json\/wp\/v2\/types\/product"}],"replies":[{"embeddable":true,"href":"https:\/\/loja.tecnoweb.com.br\/index.php\/wp-json\/wp\/v2\/comments?post=315"}],"wp:featuredmedia":[{"embeddable":true,"href":"https:\/\/loja.tecnoweb.com.br\/index.php\/wp-json\/wp\/v2\/media\/381"}],"wp:attachment":[{"href":"https:\/\/loja.tecnoweb.com.br\/index.php\/wp-json\/wp\/v2\/media?parent=315"}],"wp:term":[{"taxonomy":"product_cat","embeddable":true,"href":"https:\/\/loja.tecnoweb.com.br\/index.php\/wp-json\/wp\/v2\/product_cat?post=315"},{"taxonomy":"product_tag","embeddable":true,"href":"https:\/\/loja.tecnoweb.com.br\/index.php\/wp-json\/wp\/v2\/product_tag?post=315"}],"curies":[{"name":"wp","href":"https:\/\/api.w.org\/{rel}","templated":true}]}}