{"id":320,"date":"2024-02-08T18:06:54","date_gmt":"2024-02-08T21:06:54","guid":{"rendered":"https:\/\/loja.tecnoweb.com.br\/index.php\/product\/delivery-app-copy\/"},"modified":"2025-06-04T00:45:33","modified_gmt":"2025-06-04T03:45:33","slug":"ommini-fidelidade","status":"publish","type":"product","link":"https:\/\/loja.tecnoweb.com.br\/index.php\/product\/ommini-fidelidade\/","title":{"rendered":"Ommini Fidelidade"},"content":{"rendered":"\n<p>Elimine barreiras e ofere\u00e7a um servi\u00e7o diferenciado, tornando-se refer\u00eancia no seu segmento. Com o Delivery APP, seus clientes podem fazer pedidos onde quer que estejam, seja em casa ou na sua loja f\u00edsica. Ofere\u00e7a um card\u00e1pio digital personalizado e atrativo para seus clientes, com fotos, descri\u00e7\u00f5es e promo\u00e7\u00f5es exclusivas. Facilite a escolha dos produtos e aumente o ticket m\u00e9dio das compras, impulsionando suas vendas e aumentando o faturamento. O Delivery APP \u00e9 a solu\u00e7\u00e3o que voc\u00ea precisava para otimizar suas opera\u00e7\u00f5es e conquistar a satisfa\u00e7\u00e3o dos seus clientes.<\/p>\n\n\n\n<div style=\"height:30px\" aria-hidden=\"true\" class=\"wp-block-spacer\"><\/div>\n\n\n\n<p>E para voc\u00ea, \u00e9 ainda mais vantajoso! Aqui, voc\u00ea tem o <strong>controle total da sua entrega, sem taxas adicionais e sem a necessidade de instala\u00e7\u00e3o.<\/strong> Nosso painel de informa\u00e7\u00f5es proporciona integra\u00e7\u00e3o com os sistemas Lince, Ommini Delivery, Card\u00e1pio na Loja e o Sistema Sammi, garantindo a m\u00e1xima efici\u00eancia operacional e seguran\u00e7a para o sucesso do seu neg\u00f3cio. Proteja os dados dos seus clientes e mantenha a privacidade das transa\u00e7\u00f5es com nossa plataforma segura e confi\u00e1vel. O controle de encomendas tamb\u00e9m \u00e9 facilitado atrav\u00e9s de <strong>relat\u00f3rios e pain\u00e9is personalizados<\/strong>, proporcionando uma gest\u00e3o \u00e1gil. Tenha insights valiosos para aprimorar suas estrat\u00e9gias de neg\u00f3cio e tomar decis\u00f5es mais assertivas.<\/p>\n\n\n\n<div style=\"height:30px\" aria-hidden=\"true\" class=\"wp-block-spacer\"><\/div>\n\n\n\n<p>Benef\u00edcios do Delivery APP:<\/p>\n\n\n\n<div style=\"height:30px\" aria-hidden=\"true\" class=\"wp-block-spacer\"><\/div>\n\n\n\n<p>\u2714\ufe0f Pedidos feitos diretamente pela web;<\/p>\n\n\n\n<p>\u2714\ufe0f Sem taxas adicionais e sem a necessidade de instala\u00e7\u00e3o;<\/p>\n\n\n\n<p>\u2714\ufe0f&nbsp; Integra\u00e7\u00e3o com os principais sistemas Tecnoweb;<\/p>\n\n\n\n<p>\u2714\ufe0f&nbsp; Entrega em casa ou na loja f\u00edsica;<\/p>\n\n\n\n<p>\u2714\ufe0f&nbsp; Controle de encomendas com m\u00e1xima seguran\u00e7a;<\/p>\n\n\n\n<p>\u2714\ufe0f&nbsp; Pain\u00e9is personalizados para melhor gest\u00e3o;<\/p>\n\n\n\n<p>\u2714\ufe0f&nbsp; Efici\u00eancia operacional garantida.<\/p>\n\n\n\n<div style=\"height:30px\" aria-hidden=\"true\" class=\"wp-block-spacer\"><\/div>\n\n\n\n<p>Descubra como a comodidade e otimiza\u00e7\u00e3o do Delivery Web podem impulsionar suas vendas e fidelizar seus clientes. Deixe que nossos servi\u00e7os levem o seu delivery para o pr\u00f3ximo n\u00edvel! Mantenha-se \u00e0 frente da concorr\u00eancia e alcance a m\u00e1xima produtividade.<\/p>\n\n\n\n<p><\/p>\n\n\n\n<p>Acesse:<\/p>\n\n\n\n<p><strong><a href=\"http:\/\/www.omminifidelidade.com.br\">www.omminifidelidade.com.br<\/a><\/strong><\/p>\n","protected":false},"excerpt":{"rendered":"<p><strong>Transforme a forma como voc\u00ea faz entregas e garanta a satisfa\u00e7\u00e3o do seu p\u00fablico!<\/strong><\/p>\n<p>Chegou a revolu\u00e7\u00e3o no seu delivery! Com nossa plataforma personalizada, seus clientes podem fazer <strong>pedidos diretamente pelo navegador de seus smartphones<\/strong>, oferecendo mais conforto e praticidade ao alcance de um clique.<\/p>\n","protected":false},"featured_media":410,"comment_status":"open","ping_status":"closed","template":"","meta":[],"product_cat":[86,85,82],"product_tag":[],"_links":{"self":[{"href":"https:\/\/loja.tecnoweb.com.br\/index.php\/wp-json\/wp\/v2\/product\/320"}],"collection":[{"href":"https:\/\/loja.tecnoweb.com.br\/index.php\/wp-json\/wp\/v2\/product"}],"about":[{"href":"https:\/\/loja.tecnoweb.com.br\/index.php\/wp-json\/wp\/v2\/types\/product"}],"replies":[{"embeddable":true,"href":"https:\/\/loja.tecnoweb.com.br\/index.php\/wp-json\/wp\/v2\/comments?post=320"}],"wp:featuredmedia":[{"embeddable":true,"href":"https:\/\/loja.tecnoweb.com.br\/index.php\/wp-json\/wp\/v2\/media\/410"}],"wp:attachment":[{"href":"https:\/\/loja.tecnoweb.com.br\/index.php\/wp-json\/wp\/v2\/media?parent=320"}],"wp:term":[{"taxonomy":"product_cat","embeddable":true,"href":"https:\/\/loja.tecnoweb.com.br\/index.php\/wp-json\/wp\/v2\/product_cat?post=320"},{"taxonomy":"product_tag","embeddable":true,"href":"https:\/\/loja.tecnoweb.com.br\/index.php\/wp-json\/wp\/v2\/product_tag?post=320"}],"curies":[{"name":"wp","href":"https:\/\/api.w.org\/{rel}","templated":true}]}}