{"id":322,"date":"2024-02-09T09:30:53","date_gmt":"2024-02-09T12:30:53","guid":{"rendered":"https:\/\/loja.tecnoweb.com.br\/index.php\/product\/ommini-fidelidade-copy\/"},"modified":"2024-02-13T16:25:20","modified_gmt":"2024-02-13T19:25:20","slug":"importa-danfe","status":"publish","type":"product","link":"https:\/\/loja.tecnoweb.com.br\/index.php\/product\/importa-danfe\/","title":{"rendered":"Importa Danfe"},"content":{"rendered":"\n<p>Com o Importa Danfe, voc\u00ea pode importar suas notas apenas pela chave de acesso (utilizando um certificado) ou pelo XML da nota.<\/p>\n\n\n\n<div style=\"height:30px\" aria-hidden=\"true\" class=\"wp-block-spacer\"><\/div>\n\n\n\n<p>\u2714\ufe0f Ganhe tempo e efici\u00eancia com a vincula\u00e7\u00e3o autom\u00e1tica dos produtos;<\/p>\n\n\n\n<p>\u2714\ufe0f Mantenha-se atualizado com a atualiza\u00e7\u00e3o autom\u00e1tica de vers\u00e3o;<\/p>\n\n\n\n<p>\u2714\ufe0f Simplifique o c\u00e1lculo dos impostos automaticamente;<\/p>\n\n\n\n<p>\u2714\ufe0f Aproveite todos os recursos exclusivos.<\/p>\n\n\n\n<div style=\"height:30px\" aria-hidden=\"true\" class=\"wp-block-spacer\"><\/div>\n\n\n\n<figure class=\"wp-block-embed is-type-video is-provider-youtube wp-block-embed-youtube wp-embed-aspect-16-9 wp-has-aspect-ratio\"><div class=\"wp-block-embed__wrapper\">\n<iframe title=\"V\u00eddeo Treinamento Importa Danfe + Contas a Pagar\" width=\"500\" height=\"281\" src=\"https:\/\/www.youtube.com\/embed\/US-LKPYZql4?feature=oembed\" frameborder=\"0\" allow=\"accelerometer; autoplay; clipboard-write; encrypted-media; gyroscope; picture-in-picture; web-share\" allowfullscreen><\/iframe>\n<\/div><\/figure>\n\n\n\n<p>Al\u00e9m disso, busca na SEFAZ todas as notas emitidas para um CNPJ e traz uma<strong> f\u00e1cil visualiza\u00e7\u00e3o na tela<\/strong>, facilitando o seu gerenciamento. Faz a captura das notas e faz a entrada de mercadoria do cliente. N\u00e3o perca mais tempo com processos manuais e demorados. Eleve a produtividade do seu neg\u00f3cio com o Importa Danfe! Garanta uma gest\u00e3o eficiente e livre de complica\u00e7\u00f5es fiscais.<br><br><\/p>\n","protected":false},"excerpt":{"rendered":"<p><strong>Agilize o lan\u00e7amento de suas notas de entrada!<\/strong><\/p>\n<p>Esse incr\u00edvel m\u00f3dulo do Sistema Lince foi especialmente desenvolvido para <strong>facilitar o processo de importa\u00e7\u00e3o de notas fiscais<\/strong>, eliminando qualquer complica\u00e7\u00e3o.<\/p>\n","protected":false},"featured_media":416,"comment_status":"open","ping_status":"closed","template":"","meta":[],"product_cat":[86],"product_tag":[],"_links":{"self":[{"href":"https:\/\/loja.tecnoweb.com.br\/index.php\/wp-json\/wp\/v2\/product\/322"}],"collection":[{"href":"https:\/\/loja.tecnoweb.com.br\/index.php\/wp-json\/wp\/v2\/product"}],"about":[{"href":"https:\/\/loja.tecnoweb.com.br\/index.php\/wp-json\/wp\/v2\/types\/product"}],"replies":[{"embeddable":true,"href":"https:\/\/loja.tecnoweb.com.br\/index.php\/wp-json\/wp\/v2\/comments?post=322"}],"wp:featuredmedia":[{"embeddable":true,"href":"https:\/\/loja.tecnoweb.com.br\/index.php\/wp-json\/wp\/v2\/media\/416"}],"wp:attachment":[{"href":"https:\/\/loja.tecnoweb.com.br\/index.php\/wp-json\/wp\/v2\/media?parent=322"}],"wp:term":[{"taxonomy":"product_cat","embeddable":true,"href":"https:\/\/loja.tecnoweb.com.br\/index.php\/wp-json\/wp\/v2\/product_cat?post=322"},{"taxonomy":"product_tag","embeddable":true,"href":"https:\/\/loja.tecnoweb.com.br\/index.php\/wp-json\/wp\/v2\/product_tag?post=322"}],"curies":[{"name":"wp","href":"https:\/\/api.w.org\/{rel}","templated":true}]}}